{"id":459,"date":"2026-01-14T18:25:03","date_gmt":"2026-01-14T23:25:03","guid":{"rendered":"https:\/\/cassettebta.com\/?page_id=459"},"modified":"2026-01-14T18:28:21","modified_gmt":"2026-01-14T23:28:21","slug":"reglamento-de-uso-manejo-y-proteccion-de-datos-personales","status":"publish","type":"page","link":"https:\/\/cassettebta.com\/en\/reglamento-de-uso-manejo-y-proteccion-de-datos-personales\/","title":{"rendered":"REGLAMENTO DE USO, MANEJO Y PROTECCI\u00d3N DE DATOS PERSONALES"},"content":{"rendered":"<div style=\"height:50px\" aria-hidden=\"true\" class=\"wp-block-spacer\"><\/div>\n\n\n\n<h2 class=\"wp-block-heading has-text-align-center\" id=\"h-reglamento-de-uso-manejo-y-proteccion-de-datos-personales\">REGLAMENTO DE USO, MANEJO Y PROTECCI\u00d3N DE DATOS PERSONALES<\/h2>\n\n\n\n<div style=\"height:35px\" aria-hidden=\"true\" class=\"wp-block-spacer\"><\/div>\n\n\n\n<p>En cumplimiento de las normas tendientes regular el tratamiento de datos personales y promoviendo el respeto de los derechos del titular de la informaci\u00f3n y CASSETTE, adoptan el siguiente reglamento de tratamiento de datos personales de obligatorio cumplimiento en todas las actividades que desarrolle CASSETTE y que involucre el tratamiento de datos personales por parte de sus clientes. <\/p>\n\n\n\n<p>CASSETTE, reconocen su obligaci\u00f3n de proteger los datos suministrados por el cliente, dando aplicaci\u00f3n de la Ley, as\u00ed como a su derecho al Habeas Data como titular de la informaci\u00f3n, de la siguiente manera: 1. Actualizar y rectificar sus datos personales; 2. Obtener prueba de la autorizaci\u00f3n de uso otorgada; 3. Solicitar y recibir informaci\u00f3n en relaci\u00f3n con el uso que CASSETTE le ha dado a sus datos personales; 4. Elevar ante la Superintendencia de Industria y Comercio reclamos o quejas por el uso de sus datos personales; 5. Solicitar y obtener la exclusi\u00f3n de sus datos cuando considere que no se han respetado sus derechos; 6. Acceder en forma gratuita a la informaci\u00f3n relativa a los datos personales que autoriz\u00f3 compartir con CASSETTE,. <\/p>\n\n\n\n<p><strong>Objeto: <\/strong>El presente Reglamento de Uso, Manejo y Protecci\u00f3n de Datos garantiza, seg\u00fan los t\u00e9rminos de la Ley, la protecci\u00f3n del derecho de Habeas Data que tiene toda persona natural, al igual que la reglamentaci\u00f3n del uso de los datos por parte de DISTRITO SOCIAL S.A.S Nit: 901977171-2. <\/p>\n\n\n\n<p><strong>Autorizaci\u00f3n del cliente para la captura y uso de datos: <\/strong>El cliente deber\u00e1 autorizar el uso de sus datos a CASSETTE Esta autorizaci\u00f3n se entiende otorgada por el cliente, por el hecho de aceptar el presente reglamento al momento de realizar su inscripci\u00f3n en las actividades que realicen CASSETTE.<\/p>\n\n\n\n<p><strong>Finalidades de los datos:<\/strong> CASSETTE, podr\u00e1n usar los datos de los clientes para las siguientes finalidades: <\/p>\n\n\n\n<ul class=\"wp-block-list\">\n<li>Ponerse en contacto con los clientes a trav\u00e9s de medios telef\u00f3nicos, electr\u00f3nicos (SMS, chat, correo electr\u00f3nico y dem\u00e1s medios considerados electr\u00f3nicos) f\u00edsicos y\/o personales. <\/li>\n\n\n\n<li>Notificar al titular sobre premios o eventos conexos a las actividades que realicen CASSETTE, <\/li>\n\n\n\n<li>Conocer, almacenar y procesar toda la informaci\u00f3n suministrada por los titulares de datos en una o varias bases de datos, en el formato que estime conveniente. <\/li>\n\n\n\n<li>Env\u00edo de comunicaciones electr\u00f3nicas, tales como: boletines (newsletters), ofertas comerciales de CASSETTE y\/o terceros aliados, convocatorias de concursos, as\u00ed como otras comunicaciones que CASSETTE entiende interesantes para sus USUARIOS. Los campos marcados como de cumplimentaci\u00f3n obligatoria, son imprescindibles para realizar la finalidad expresada. <\/li>\n<\/ul>\n\n\n\n<p>En desarrollo de estas finalidades, CASSETTE podr\u00e1n: <\/p>\n\n\n\n<ul class=\"wp-block-list\">\n<li>Procesar y almacenar la informaci\u00f3n suministrada por el cliente en una o varias bases de datos, en el formato que estime m\u00e1s conveniente. <\/li>\n\n\n\n<li>Clasificar, a su conveniencia, la informaci\u00f3n suministrada por el cliente. <\/li>\n\n\n\n<li>Analizar, evaluar, comparar, transferir y en general, procesar, a su conveniencia, la informaci\u00f3n suministrada por el cliente. El resultante de esos procesamientos, es objeto de las autorizaciones que otorg\u00f3 el cliente al momento de realizar su inscripci\u00f3n. <\/li>\n\n\n\n<li>Usar la informaci\u00f3n suministrada por el cliente para la puesta en marcha de planes de mercadeo, campa\u00f1as y promociones. CASSETTE podr\u00e1n compartir con las compa\u00f1\u00edas que la componen, o con sus clientes y\/o anunciantes, los resultados de los procesamientos citados, lo mismo que la informaci\u00f3n suministrada por el cliente. <\/li>\n<\/ul>\n\n\n\n<p><strong>Datos sensibles:<\/strong> No se solicitar\u00e1n los datos que, seg\u00fan la Ley, se consideran sensibles. <\/p>\n\n\n\n<p><strong>Derechos y obligaciones de los clientes en relaci\u00f3n con la informaci\u00f3n suministrada:<\/strong> El cliente inscrito tiene los siguientes derechos: <\/p>\n\n\n\n<p>\u25aa Actualizar y rectificar sus datos personales; <\/p>\n\n\n\n<ul class=\"wp-block-list\">\n<li>Obtener prueba de la autorizaci\u00f3n de uso otorgada.<\/li>\n\n\n\n<li>Solicitar y recibir informaci\u00f3n en relaci\u00f3n con el uso que CASSETTE le ha dado a sus datos personales.<\/li>\n\n\n\n<li>Elevar ante la Superintendencia de Industria y Comercio reclamos o quejas por el uso de sus datos personales.<\/li>\n\n\n\n<li>Solicitar y obtener la exclusi\u00f3n de sus datos cuando considere que no se han respetado sus derechos.<\/li>\n\n\n\n<li>Acceder en forma gratuita a la informaci\u00f3n relativa a los datos personales que autoriz\u00f3 compartir con CASSETTE.<\/li>\n<\/ul>\n\n\n\n<p><strong>Consultas y requerimientos:<\/strong> El cliente podr\u00e1 hacer solicitudes y elevar reclamaciones en relaci\u00f3n con el uso y manejo de su informaci\u00f3n, cuando considere que han sido vulnerados sus derechos, los cuales ser\u00e1n atendidos por CASSETTE dentro de los quince (15) d\u00edas h\u00e1biles siguientes a la fecha en que fue realizada la solicitud o reclamaci\u00f3n. <\/p>\n\n\n\n<p><strong>Responsable del tratamiento:<\/strong> El responsable del tratamiento de la informaci\u00f3n es DISTRITO SOCIAL S.A.S Nit: 901977171-2, Carrera 14a No 82-80 de la ciudad de Bogot\u00e1 y tel\u00e9fono (+57) 310-663 4400.<\/p>\n\n\n\n<div style=\"height:50px\" aria-hidden=\"true\" class=\"wp-block-spacer\"><\/div>\n\n\n\n<p><\/p>\n\n\n\n<p><\/p>","protected":false},"excerpt":{"rendered":"<p>REGLAMENTO DE USO, MANEJO Y PROTECCI\u00d3N DE DATOS PERSONALES En cumplimiento de las normas tendientes regular el tratamiento de datos personales y promoviendo el respeto de los derechos del titular de la informaci\u00f3n y CASSETTE, adoptan el siguiente reglamento de tratamiento de datos personales de obligatorio cumplimiento en todas las actividades que desarrolle CASSETTE y&#8230;<\/p>","protected":false},"author":1,"featured_media":0,"parent":0,"menu_order":0,"comment_status":"closed","ping_status":"closed","template":"","meta":{"_joinchat":[],"footnotes":""},"class_list":["post-459","page","type-page","status-publish","hentry"],"yoast_head":"<!-- This site is optimized with the Yoast SEO Premium plugin v26.1 (Yoast SEO v27.3) - https:\/\/yoast.com\/product\/yoast-seo-premium-wordpress\/ -->\n<title>REGLAMENTO DE USO, MANEJO Y PROTECCI\u00d3N DE DATOS PERSONALES | CASSETTE<\/title>\n<meta name=\"robots\" content=\"noindex, nofollow\" \/>\n<meta property=\"og:locale\" content=\"en_US\" \/>\n<meta property=\"og:type\" content=\"article\" \/>\n<meta property=\"og:title\" content=\"REGLAMENTO DE USO, MANEJO Y PROTECCI\u00d3N DE DATOS PERSONALES\" \/>\n<meta property=\"og:description\" content=\"REGLAMENTO DE USO, MANEJO Y PROTECCI\u00d3N DE DATOS PERSONALES En cumplimiento de las normas tendientes regular el tratamiento de datos personales y promoviendo el respeto de los derechos del titular de la informaci\u00f3n y CASSETTE, adoptan el siguiente reglamento de tratamiento de datos personales de obligatorio cumplimiento en todas las actividades que desarrolle CASSETTE y...\" \/>\n<meta property=\"og:url\" content=\"https:\/\/cassettebta.com\/en\/reglamento-de-uso-manejo-y-proteccion-de-datos-personales\/\" \/>\n<meta property=\"og:site_name\" content=\"CASSETTE\" \/>\n<meta property=\"article:publisher\" content=\"https:\/\/www.facebook.com\/cassettebta\/\" \/>\n<meta property=\"article:modified_time\" content=\"2026-01-14T23:28:21+00:00\" \/>\n<meta property=\"og:image\" content=\"https:\/\/cassettebta.com\/wp-content\/uploads\/2025\/09\/perfil1.jpeg\" \/>\n\t<meta property=\"og:image:width\" content=\"634\" \/>\n\t<meta property=\"og:image:height\" content=\"640\" \/>\n\t<meta property=\"og:image:type\" content=\"image\/jpeg\" \/>\n<meta name=\"twitter:card\" content=\"summary_large_image\" \/>\n<meta name=\"twitter:label1\" content=\"Est. reading time\" \/>\n\t<meta name=\"twitter:data1\" content=\"4 minutes\" \/>\n<script type=\"application\/ld+json\" class=\"yoast-schema-graph\">{\"@context\":\"https:\\\/\\\/schema.org\",\"@graph\":[{\"@type\":\"WebPage\",\"@id\":\"https:\\\/\\\/cassettebta.com\\\/reglamento-de-uso-manejo-y-proteccion-de-datos-personales\\\/\",\"url\":\"https:\\\/\\\/cassettebta.com\\\/reglamento-de-uso-manejo-y-proteccion-de-datos-personales\\\/\",\"name\":\"REGLAMENTO DE USO, MANEJO Y PROTECCI\u00d3N DE DATOS PERSONALES | CASSETTE\",\"isPartOf\":{\"@id\":\"https:\\\/\\\/cassettebta.com\\\/#website\"},\"datePublished\":\"2026-01-14T23:25:03+00:00\",\"dateModified\":\"2026-01-14T23:28:21+00:00\",\"breadcrumb\":{\"@id\":\"https:\\\/\\\/cassettebta.com\\\/reglamento-de-uso-manejo-y-proteccion-de-datos-personales\\\/#breadcrumb\"},\"inLanguage\":\"en-US\",\"potentialAction\":[{\"@type\":\"ReadAction\",\"target\":[\"https:\\\/\\\/cassettebta.com\\\/reglamento-de-uso-manejo-y-proteccion-de-datos-personales\\\/\"]}]},{\"@type\":\"BreadcrumbList\",\"@id\":\"https:\\\/\\\/cassettebta.com\\\/reglamento-de-uso-manejo-y-proteccion-de-datos-personales\\\/#breadcrumb\",\"itemListElement\":[{\"@type\":\"ListItem\",\"position\":1,\"name\":\"Inicio\",\"item\":\"https:\\\/\\\/cassettebta.com\\\/\"},{\"@type\":\"ListItem\",\"position\":2,\"name\":\"REGLAMENTO DE USO, MANEJO Y PROTECCI\u00d3N DE DATOS PERSONALES\"}]},{\"@type\":\"WebSite\",\"@id\":\"https:\\\/\\\/cassettebta.com\\\/#website\",\"url\":\"https:\\\/\\\/cassettebta.com\\\/\",\"name\":\"CASSETTE BOGOT\u00c1\",\"description\":\"Toda una Generaci\u00f3n\",\"publisher\":{\"@id\":\"https:\\\/\\\/cassettebta.com\\\/#organization\"},\"alternateName\":\"CASSETTE\",\"potentialAction\":[{\"@type\":\"SearchAction\",\"target\":{\"@type\":\"EntryPoint\",\"urlTemplate\":\"https:\\\/\\\/cassettebta.com\\\/?s={search_term_string}\"},\"query-input\":{\"@type\":\"PropertyValueSpecification\",\"valueRequired\":true,\"valueName\":\"search_term_string\"}}],\"inLanguage\":\"en-US\"},{\"@type\":\"Organization\",\"@id\":\"https:\\\/\\\/cassettebta.com\\\/#organization\",\"name\":\"CASSETTE BOGOT\u00c1\",\"url\":\"https:\\\/\\\/cassettebta.com\\\/\",\"logo\":{\"@type\":\"ImageObject\",\"inLanguage\":\"en-US\",\"@id\":\"https:\\\/\\\/cassettebta.com\\\/#\\\/schema\\\/logo\\\/image\\\/\",\"url\":\"https:\\\/\\\/cassettebta.com\\\/wp-content\\\/uploads\\\/2025\\\/09\\\/perfil1.jpeg\",\"contentUrl\":\"https:\\\/\\\/cassettebta.com\\\/wp-content\\\/uploads\\\/2025\\\/09\\\/perfil1.jpeg\",\"width\":634,\"height\":640,\"caption\":\"CASSETTE BOGOT\u00c1\"},\"image\":{\"@id\":\"https:\\\/\\\/cassettebta.com\\\/#\\\/schema\\\/logo\\\/image\\\/\"},\"sameAs\":[\"https:\\\/\\\/www.facebook.com\\\/cassettebta\\\/\",\"https:\\\/\\\/www.instagram.com\\\/cassettebta\\\/\",\"https:\\\/\\\/www.tiktok.com\\\/@cassettebta\"],\"description\":\"Toda una generaci\u00f3n\",\"email\":\"reservas@cassettebta.comm\",\"telephone\":\"(+57) 310 663-4400\"}]}<\/script>\n<!-- \/ Yoast SEO Premium plugin. -->","yoast_head_json":{"title":"REGLAMENTO DE USO, MANEJO Y PROTECCI\u00d3N DE DATOS PERSONALES | CASSETTE","robots":{"index":"noindex","follow":"nofollow"},"og_locale":"en_US","og_type":"article","og_title":"REGLAMENTO DE USO, MANEJO Y PROTECCI\u00d3N DE DATOS PERSONALES","og_description":"REGLAMENTO DE USO, MANEJO Y PROTECCI\u00d3N DE DATOS PERSONALES En cumplimiento de las normas tendientes regular el tratamiento de datos personales y promoviendo el respeto de los derechos del titular de la informaci\u00f3n y CASSETTE, adoptan el siguiente reglamento de tratamiento de datos personales de obligatorio cumplimiento en todas las actividades que desarrolle CASSETTE y...","og_url":"https:\/\/cassettebta.com\/en\/reglamento-de-uso-manejo-y-proteccion-de-datos-personales\/","og_site_name":"CASSETTE","article_publisher":"https:\/\/www.facebook.com\/cassettebta\/","article_modified_time":"2026-01-14T23:28:21+00:00","og_image":[{"width":634,"height":640,"url":"https:\/\/cassettebta.com\/wp-content\/uploads\/2025\/09\/perfil1.jpeg","type":"image\/jpeg"}],"twitter_card":"summary_large_image","twitter_misc":{"Est. reading time":"4 minutes"},"schema":{"@context":"https:\/\/schema.org","@graph":[{"@type":"WebPage","@id":"https:\/\/cassettebta.com\/reglamento-de-uso-manejo-y-proteccion-de-datos-personales\/","url":"https:\/\/cassettebta.com\/reglamento-de-uso-manejo-y-proteccion-de-datos-personales\/","name":"REGLAMENTO DE USO, MANEJO Y PROTECCI\u00d3N DE DATOS PERSONALES | CASSETTE","isPartOf":{"@id":"https:\/\/cassettebta.com\/#website"},"datePublished":"2026-01-14T23:25:03+00:00","dateModified":"2026-01-14T23:28:21+00:00","breadcrumb":{"@id":"https:\/\/cassettebta.com\/reglamento-de-uso-manejo-y-proteccion-de-datos-personales\/#breadcrumb"},"inLanguage":"en-US","potentialAction":[{"@type":"ReadAction","target":["https:\/\/cassettebta.com\/reglamento-de-uso-manejo-y-proteccion-de-datos-personales\/"]}]},{"@type":"BreadcrumbList","@id":"https:\/\/cassettebta.com\/reglamento-de-uso-manejo-y-proteccion-de-datos-personales\/#breadcrumb","itemListElement":[{"@type":"ListItem","position":1,"name":"Inicio","item":"https:\/\/cassettebta.com\/"},{"@type":"ListItem","position":2,"name":"REGLAMENTO DE USO, MANEJO Y PROTECCI\u00d3N DE DATOS PERSONALES"}]},{"@type":"WebSite","@id":"https:\/\/cassettebta.com\/#website","url":"https:\/\/cassettebta.com\/","name":"CASSETTE BOGOT\u00c1","description":"Toda una Generaci\u00f3n","publisher":{"@id":"https:\/\/cassettebta.com\/#organization"},"alternateName":"CASSETTE","potentialAction":[{"@type":"SearchAction","target":{"@type":"EntryPoint","urlTemplate":"https:\/\/cassettebta.com\/?s={search_term_string}"},"query-input":{"@type":"PropertyValueSpecification","valueRequired":true,"valueName":"search_term_string"}}],"inLanguage":"en-US"},{"@type":"Organization","@id":"https:\/\/cassettebta.com\/#organization","name":"CASSETTE BOGOT\u00c1","url":"https:\/\/cassettebta.com\/","logo":{"@type":"ImageObject","inLanguage":"en-US","@id":"https:\/\/cassettebta.com\/#\/schema\/logo\/image\/","url":"https:\/\/cassettebta.com\/wp-content\/uploads\/2025\/09\/perfil1.jpeg","contentUrl":"https:\/\/cassettebta.com\/wp-content\/uploads\/2025\/09\/perfil1.jpeg","width":634,"height":640,"caption":"CASSETTE BOGOT\u00c1"},"image":{"@id":"https:\/\/cassettebta.com\/#\/schema\/logo\/image\/"},"sameAs":["https:\/\/www.facebook.com\/cassettebta\/","https:\/\/www.instagram.com\/cassettebta\/","https:\/\/www.tiktok.com\/@cassettebta"],"description":"Toda una generaci\u00f3n","email":"reservas@cassettebta.comm","telephone":"(+57) 310 663-4400"}]}},"_links":{"self":[{"href":"https:\/\/cassettebta.com\/en\/wp-json\/wp\/v2\/pages\/459","targetHints":{"allow":["GET"]}}],"collection":[{"href":"https:\/\/cassettebta.com\/en\/wp-json\/wp\/v2\/pages"}],"about":[{"href":"https:\/\/cassettebta.com\/en\/wp-json\/wp\/v2\/types\/page"}],"author":[{"embeddable":true,"href":"https:\/\/cassettebta.com\/en\/wp-json\/wp\/v2\/users\/1"}],"replies":[{"embeddable":true,"href":"https:\/\/cassettebta.com\/en\/wp-json\/wp\/v2\/comments?post=459"}],"version-history":[{"count":4,"href":"https:\/\/cassettebta.com\/en\/wp-json\/wp\/v2\/pages\/459\/revisions"}],"predecessor-version":[{"id":463,"href":"https:\/\/cassettebta.com\/en\/wp-json\/wp\/v2\/pages\/459\/revisions\/463"}],"wp:attachment":[{"href":"https:\/\/cassettebta.com\/en\/wp-json\/wp\/v2\/media?parent=459"}],"curies":[{"name":"wp","href":"https:\/\/api.w.org\/{rel}","templated":true}]}}